{"id":408,"date":"2025-06-24T14:33:39","date_gmt":"2025-06-24T14:33:39","guid":{"rendered":"https:\/\/cbaudio.pro\/biography\/"},"modified":"2025-07-16T17:53:39","modified_gmt":"2025-07-16T17:53:39","slug":"about","status":"publish","type":"page","link":"https:\/\/cbaudio.pro\/pt\/about\/","title":{"rendered":"Sobre"},"content":{"rendered":"<div class=\"wp-block-uagb-container uagb-block-3f4cd45f alignfull uagb-is-root-container\"><div class=\"uagb-container-inner-blocks-wrap\">\n<div class=\"wp-block-uagb-advanced-heading uagb-block-ee7ec327\"><h1 class=\"uagb-heading-text\">Sobre<\/h1><div class=\"uagb-separator\"><\/div><\/div>\n<\/div><\/div>\n\n\n\n<div class=\"wp-block-uagb-container uagb-block-ae1a11a7 alignfull uagb-is-root-container\"><div class=\"uagb-container-inner-blocks-wrap\">\n<div class=\"wp-block-uagb-advanced-heading uagb-block-11b27349\"><h3 class=\"uagb-heading-text\">Construindo Sons, Moldando Hist\u00f3rias<\/h3><div class=\"uagb-separator\"><\/div><\/div>\n\n\n\n<div class=\"wp-block-uagb-advanced-heading uagb-block-be7ea47f\"><h4 class=\"uagb-heading-text\">Desde a produ\u00e7\u00e3o at\u00e9 a p\u00f3s, oferecemos servi\u00e7os de alta qualidade, recursos, e a educa\u00e7\u00e3o para os m\u00fasicos e criadores.<\/h4><p class=\"uagb-desc-text\">Na CB Audio, acreditamos que a m\u00fasica \u00e9 mais do que apenas som \u2014 \u00e9 express\u00e3o, identidade, e conex\u00e3o.<br>A nossa miss\u00e3o \u00e9 apoiar os artistas, em todas as fases, oferecendo ferramentas, orienta\u00e7\u00f5es e suporte personalizado para ajud\u00e1-los a prosperar no mercado da m\u00fasica e do \u00e1udio.<br>Atrav\u00e9s de livros, cursos, e de servi\u00e7os profissionais, nosso objetivo \u00e9 capacitar uma nova gera\u00e7\u00e3o de criadores, com o conhecimento e a confian\u00e7a para fazer a m\u00fasica que importa.<\/p><\/div>\n\n\n\n<div class=\"wp-block-uagb-container uagb-block-2a030c9f\">\n<div class=\"wp-block-uagb-advanced-heading uagb-block-d6932e5a\"><h4 class=\"uagb-heading-text\">Seja voc\u00ea um novato ou um profissional, estamos aqui para ajudar voc\u00ea e seu som.<\/h4><\/div>\n\n\n\n<div class=\"wp-block-uagb-advanced-heading uagb-block-8116179c\"><p class=\"uagb-desc-text\">Na CB Audio, valorizamos a liberdade criativa e acreditamos que o conhecimento t\u00e9cnico n\u00e3o tem que ser pesado e confuso.<br>\u00c9 por isso que oferecemos conte\u00fados claros e  acess\u00edveis projetados para os artistas crescerem ao seu pr\u00f3prio ritmo \u2014 seja em casa, no est\u00fadio, ou na estrada.<br>A nossa plataforma \u00e9 constru\u00edda por m\u00fasicos para m\u00fasicos: pr\u00e1tica, atualizada e focada no que realmente importa: na m\u00fasica.<\/p><\/div>\n<\/div>\n<\/div><\/div>\n\n\n\n<div class=\"wp-block-uagb-container uagb-block-589283dc alignfull uagb-is-root-container\"><div class=\"uagb-container-inner-blocks-wrap\">\n<div class=\"wp-block-uagb-advanced-heading uagb-block-539a090b\"><h3 class=\"uagb-heading-text\">No CB Audio, oferecemos tudo o que voc\u00ea precisa para elevar o seu som desde a id\u00e9ia at\u00e9 o lan\u00e7amento.<\/h3><div class=\"uagb-separator\"><\/div><\/div>\n\n\n\n<div class=\"wp-block-uagb-advanced-heading uagb-block-68282df9\"><h5 class=\"uagb-heading-text\">Caio Barbosa | CB \u00c1udio<\/h5><\/div>\n<\/div><\/div>","protected":false},"excerpt":{"rendered":"<p>About Crafting Sound, Shaping Stories From production to post, we offer high-quality services, resources, and education for musicians and creators. At CB Audio, we believe music is more than just sound \u2014 it\u2019s expression, identity, and connection.Our mission is to support artists at every stage, offering tools, guidance, and personalized support to help them thrive [&hellip;]<\/p>\n","protected":false},"author":1,"featured_media":0,"parent":0,"menu_order":0,"comment_status":"closed","ping_status":"closed","template":"","meta":{"_surecart_dashboard_logo_width":"180px","_surecart_dashboard_show_logo":true,"_surecart_dashboard_navigation_orders":true,"_surecart_dashboard_navigation_invoices":true,"_surecart_dashboard_navigation_subscriptions":true,"_surecart_dashboard_navigation_downloads":true,"_surecart_dashboard_navigation_billing":true,"_surecart_dashboard_navigation_account":true,"_uag_custom_page_level_css":"","_monsterinsights_skip_tracking":false,"_monsterinsights_sitenote_active":false,"_monsterinsights_sitenote_note":"","_monsterinsights_sitenote_category":0,"_uf_show_specific_survey":0,"_uf_disable_surveys":false,"site-sidebar-layout":"no-sidebar","site-content-layout":"plain-container","ast-site-content-layout":"full-width-container","site-content-style":"unboxed","site-sidebar-style":"unboxed","ast-global-header-display":"","ast-banner-title-visibility":"","ast-main-header-display":"","ast-hfb-above-header-display":"","ast-hfb-below-header-display":"","ast-hfb-mobile-header-display":"","site-post-title":"disabled","ast-breadcrumbs-content":"","ast-featured-img":"","footer-sml-layout":"","ast-disable-related-posts":"","theme-transparent-header-meta":"enabled","adv-header-id-meta":"","stick-header-meta":"","header-above-stick-meta":"","header-main-stick-meta":"","header-below-stick-meta":"","astra-migrate-meta-layouts":"set","ast-page-background-enabled":"default","ast-page-background-meta":{"desktop":{"background-color":"","background-image":"","background-repeat":"repeat","background-position":"center center","background-size":"auto","background-attachment":"scroll","background-type":"","background-media":"","overlay-type":"","overlay-color":"","overlay-opacity":"","overlay-gradient":""},"tablet":{"background-color":"","background-image":"","background-repeat":"repeat","background-position":"center center","background-size":"auto","background-attachment":"scroll","background-type":"","background-media":"","overlay-type":"","overlay-color":"","overlay-opacity":"","overlay-gradient":""},"mobile":{"background-color":"","background-image":"","background-repeat":"repeat","background-position":"center center","background-size":"auto","background-attachment":"scroll","background-type":"","background-media":"","overlay-type":"","overlay-color":"","overlay-opacity":"","overlay-gradient":""}},"ast-content-background-meta":{"desktop":{"background-color":"var(--ast-global-color-5)","background-image":"","background-repeat":"repeat","background-position":"center center","background-size":"auto","background-attachment":"scroll","background-type":"","background-media":"","overlay-type":"","overlay-color":"","overlay-opacity":"","overlay-gradient":""},"tablet":{"background-color":"var(--ast-global-color-5)","background-image":"","background-repeat":"repeat","background-position":"center center","background-size":"auto","background-attachment":"scroll","background-type":"","background-media":"","overlay-type":"","overlay-color":"","overlay-opacity":"","overlay-gradient":""},"mobile":{"background-color":"var(--ast-global-color-5)","background-image":"","background-repeat":"repeat","background-position":"center center","background-size":"auto","background-attachment":"scroll","background-type":"","background-media":"","overlay-type":"","overlay-color":"","overlay-opacity":"","overlay-gradient":""}},"footnotes":""},"class_list":["post-408","page","type-page","status-publish","hentry"],"aioseo_notices":[],"yoast_head":"<!-- This site is optimized with the Yoast SEO plugin v27.3 - https:\/\/yoast.com\/product\/yoast-seo-wordpress\/ -->\n<title>About - cbaudio.pro<\/title>\n<meta name=\"robots\" content=\"index, follow, max-snippet:-1, max-image-preview:large, max-video-preview:-1\" \/>\n<link rel=\"canonical\" href=\"https:\/\/cbaudio.pro\/pt\/about\/\" \/>\n<meta property=\"og:locale\" content=\"pt_BR\" \/>\n<meta property=\"og:type\" content=\"article\" \/>\n<meta property=\"og:title\" content=\"About - cbaudio.pro\" \/>\n<meta property=\"og:description\" content=\"About Crafting Sound, Shaping Stories From production to post, we offer high-quality services, resources, and education for musicians and creators. At CB Audio, we believe music is more than just sound \u2014 it\u2019s expression, identity, and connection.Our mission is to support artists at every stage, offering tools, guidance, and personalized support to help them thrive [&hellip;]\" \/>\n<meta property=\"og:url\" content=\"https:\/\/cbaudio.pro\/pt\/about\/\" \/>\n<meta property=\"og:site_name\" content=\"cbaudio.pro\" \/>\n<meta property=\"article:modified_time\" content=\"2025-07-16T17:53:39+00:00\" \/>\n<meta name=\"twitter:card\" content=\"summary_large_image\" \/>\n<meta name=\"twitter:label1\" content=\"Est. tempo de leitura\" \/>\n\t<meta name=\"twitter:data1\" content=\"2 minutos\" \/>\n<script type=\"application\/ld+json\" class=\"yoast-schema-graph\">{\"@context\":\"https:\\\/\\\/schema.org\",\"@graph\":[{\"@type\":\"WebPage\",\"@id\":\"https:\\\/\\\/cbaudio.pro\\\/pt\\\/about\\\/\",\"url\":\"https:\\\/\\\/cbaudio.pro\\\/pt\\\/about\\\/\",\"name\":\"About - cbaudio.pro\",\"isPartOf\":{\"@id\":\"https:\\\/\\\/cbaudio.pro\\\/#website\"},\"datePublished\":\"2025-06-24T14:33:39+00:00\",\"dateModified\":\"2025-07-16T17:53:39+00:00\",\"breadcrumb\":{\"@id\":\"https:\\\/\\\/cbaudio.pro\\\/pt\\\/about\\\/#breadcrumb\"},\"inLanguage\":\"pt-BR\",\"potentialAction\":[{\"@type\":\"ReadAction\",\"target\":[\"https:\\\/\\\/cbaudio.pro\\\/pt\\\/about\\\/\"]}]},{\"@type\":\"BreadcrumbList\",\"@id\":\"https:\\\/\\\/cbaudio.pro\\\/pt\\\/about\\\/#breadcrumb\",\"itemListElement\":[{\"@type\":\"ListItem\",\"position\":1,\"name\":\"In\u00edcio\",\"item\":\"https:\\\/\\\/cbaudio.pro\\\/\"},{\"@type\":\"ListItem\",\"position\":2,\"name\":\"About\"}]},{\"@type\":\"WebSite\",\"@id\":\"https:\\\/\\\/cbaudio.pro\\\/#website\",\"url\":\"https:\\\/\\\/cbaudio.pro\\\/\",\"name\":\"cbaudio.pro\",\"description\":\"\",\"publisher\":{\"@id\":\"https:\\\/\\\/cbaudio.pro\\\/#organization\"},\"potentialAction\":[{\"@type\":\"SearchAction\",\"target\":{\"@type\":\"EntryPoint\",\"urlTemplate\":\"https:\\\/\\\/cbaudio.pro\\\/?s={search_term_string}\"},\"query-input\":{\"@type\":\"PropertyValueSpecification\",\"valueRequired\":true,\"valueName\":\"search_term_string\"}}],\"inLanguage\":\"pt-BR\"},{\"@type\":\"Organization\",\"@id\":\"https:\\\/\\\/cbaudio.pro\\\/#organization\",\"name\":\"cbaudio.pro\",\"url\":\"https:\\\/\\\/cbaudio.pro\\\/\",\"logo\":{\"@type\":\"ImageObject\",\"inLanguage\":\"pt-BR\",\"@id\":\"https:\\\/\\\/cbaudio.pro\\\/#\\\/schema\\\/logo\\\/image\\\/\",\"url\":\"https:\\\/\\\/cbaudio.pro\\\/wp-content\\\/uploads\\\/2025\\\/07\\\/cropped-CB-Audio-Modern-Pink-NOBKG-1.png\",\"contentUrl\":\"https:\\\/\\\/cbaudio.pro\\\/wp-content\\\/uploads\\\/2025\\\/07\\\/cropped-CB-Audio-Modern-Pink-NOBKG-1.png\",\"width\":498,\"height\":437,\"caption\":\"cbaudio.pro\"},\"image\":{\"@id\":\"https:\\\/\\\/cbaudio.pro\\\/#\\\/schema\\\/logo\\\/image\\\/\"}}]}<\/script>\n<!-- \/ Yoast SEO plugin. -->","yoast_head_json":{"title":"About - cbaudio.pro","robots":{"index":"index","follow":"follow","max-snippet":"max-snippet:-1","max-image-preview":"max-image-preview:large","max-video-preview":"max-video-preview:-1"},"canonical":"https:\/\/cbaudio.pro\/pt\/about\/","og_locale":"pt_BR","og_type":"article","og_title":"About - cbaudio.pro","og_description":"About Crafting Sound, Shaping Stories From production to post, we offer high-quality services, resources, and education for musicians and creators. At CB Audio, we believe music is more than just sound \u2014 it\u2019s expression, identity, and connection.Our mission is to support artists at every stage, offering tools, guidance, and personalized support to help them thrive [&hellip;]","og_url":"https:\/\/cbaudio.pro\/pt\/about\/","og_site_name":"cbaudio.pro","article_modified_time":"2025-07-16T17:53:39+00:00","twitter_card":"summary_large_image","twitter_misc":{"Est. tempo de leitura":"2 minutos"},"schema":{"@context":"https:\/\/schema.org","@graph":[{"@type":"WebPage","@id":"https:\/\/cbaudio.pro\/pt\/about\/","url":"https:\/\/cbaudio.pro\/pt\/about\/","name":"About - cbaudio.pro","isPartOf":{"@id":"https:\/\/cbaudio.pro\/#website"},"datePublished":"2025-06-24T14:33:39+00:00","dateModified":"2025-07-16T17:53:39+00:00","breadcrumb":{"@id":"https:\/\/cbaudio.pro\/pt\/about\/#breadcrumb"},"inLanguage":"pt-BR","potentialAction":[{"@type":"ReadAction","target":["https:\/\/cbaudio.pro\/pt\/about\/"]}]},{"@type":"BreadcrumbList","@id":"https:\/\/cbaudio.pro\/pt\/about\/#breadcrumb","itemListElement":[{"@type":"ListItem","position":1,"name":"In\u00edcio","item":"https:\/\/cbaudio.pro\/"},{"@type":"ListItem","position":2,"name":"About"}]},{"@type":"WebSite","@id":"https:\/\/cbaudio.pro\/#website","url":"https:\/\/cbaudio.pro\/","name":"cbaudio.pro","description":"","publisher":{"@id":"https:\/\/cbaudio.pro\/#organization"},"potentialAction":[{"@type":"SearchAction","target":{"@type":"EntryPoint","urlTemplate":"https:\/\/cbaudio.pro\/?s={search_term_string}"},"query-input":{"@type":"PropertyValueSpecification","valueRequired":true,"valueName":"search_term_string"}}],"inLanguage":"pt-BR"},{"@type":"Organization","@id":"https:\/\/cbaudio.pro\/#organization","name":"cbaudio.pro","url":"https:\/\/cbaudio.pro\/","logo":{"@type":"ImageObject","inLanguage":"pt-BR","@id":"https:\/\/cbaudio.pro\/#\/schema\/logo\/image\/","url":"https:\/\/cbaudio.pro\/wp-content\/uploads\/2025\/07\/cropped-CB-Audio-Modern-Pink-NOBKG-1.png","contentUrl":"https:\/\/cbaudio.pro\/wp-content\/uploads\/2025\/07\/cropped-CB-Audio-Modern-Pink-NOBKG-1.png","width":498,"height":437,"caption":"cbaudio.pro"},"image":{"@id":"https:\/\/cbaudio.pro\/#\/schema\/logo\/image\/"}}]}},"_hostinger_reach_plugin_has_subscription_block":false,"_hostinger_reach_plugin_is_elementor":false,"uagb_featured_image_src":{"full":false,"thumbnail":false,"medium":false,"medium_large":false,"large":false,"1536x1536":false,"2048x2048":false,"trp-custom-language-flag":false,"woocommerce_thumbnail":false,"woocommerce_single":false,"woocommerce_gallery_thumbnail":false},"uagb_author_info":{"display_name":"Caio Barbosa","author_link":"https:\/\/cbaudio.pro\/pt\/author\/cb-audiohotmail-com\/"},"uagb_comment_info":0,"uagb_excerpt":"About Crafting Sound, Shaping Stories From production to post, we offer high-quality services, resources, and education for musicians and creators. At CB Audio, we believe music is more than just sound \u2014 it\u2019s expression, identity, and connection.Our mission is to support artists at every stage, offering tools, guidance, and personalized support to help them thrive&hellip;","jetpack_sharing_enabled":true,"_links":{"self":[{"href":"https:\/\/cbaudio.pro\/pt\/wp-json\/wp\/v2\/pages\/408","targetHints":{"allow":["GET"]}}],"collection":[{"href":"https:\/\/cbaudio.pro\/pt\/wp-json\/wp\/v2\/pages"}],"about":[{"href":"https:\/\/cbaudio.pro\/pt\/wp-json\/wp\/v2\/types\/page"}],"author":[{"embeddable":true,"href":"https:\/\/cbaudio.pro\/pt\/wp-json\/wp\/v2\/users\/1"}],"replies":[{"embeddable":true,"href":"https:\/\/cbaudio.pro\/pt\/wp-json\/wp\/v2\/comments?post=408"}],"version-history":[{"count":6,"href":"https:\/\/cbaudio.pro\/pt\/wp-json\/wp\/v2\/pages\/408\/revisions"}],"predecessor-version":[{"id":1015,"href":"https:\/\/cbaudio.pro\/pt\/wp-json\/wp\/v2\/pages\/408\/revisions\/1015"}],"wp:attachment":[{"href":"https:\/\/cbaudio.pro\/pt\/wp-json\/wp\/v2\/media?parent=408"}],"curies":[{"name":"wp","href":"https:\/\/api.w.org\/{rel}","templated":true}]}}