{"id":934,"date":"2025-06-24T14:34:21","date_gmt":"2025-06-24T14:34:21","guid":{"rendered":"https:\/\/cbaudio.pro\/concerts-2\/"},"modified":"2025-06-24T23:22:33","modified_gmt":"2025-06-24T23:22:33","slug":"services","status":"publish","type":"page","link":"https:\/\/cbaudio.pro\/pt\/services\/","title":{"rendered":"Servi\u00e7os"},"content":{"rendered":"<div class=\"wp-block-uagb-container uagb-block-3f4cd45f alignfull uagb-is-root-container\"><div class=\"uagb-container-inner-blocks-wrap\">\n<div class=\"wp-block-uagb-advanced-heading uagb-block-ee7ec327\"><h1 class=\"uagb-heading-text\">Servi\u00e7os<\/h1><div class=\"uagb-separator\"><\/div><\/div>\n<\/div><\/div>\n\n\n\n<div class=\"wp-block-uagb-container uagb-block-151171c2 alignfull uagb-is-root-container\"><div class=\"uagb-container-inner-blocks-wrap\">\n<div class=\"wp-block-uagb-container uagb-block-9c163af1\">\n<div class=\"wp-block-uagb-container uagb-block-37c75824\">\n<div class=\"wp-block-uagb-info-box uagb-block-d3547ecf uagb-infobox__content-wrap  uagb-infobox-icon-above-title uagb-infobox-image-valign-top\"><div class=\"uagb-ifb-content\"><div class=\"uagb-ifb-title-wrap\"><h6 class=\"uagb-ifb-title-prefix\">Voc\u00ea Escreve, N\u00f3s Produzimos<\/h6><h3 class=\"uagb-ifb-title\">Produ\u00e7\u00f5es Instrumentais<\/h3><\/div><\/div><\/div>\n\n\n\n<div class=\"wp-block-uagb-icon-list uagb-block-b7c2a8f5\"><div class=\"uagb-icon-list__wrap\">\n<div class=\"wp-block-uagb-icon-list-child uagb-block-a45c7653\"><span class=\"uagb-icon-list__source-wrap\"><svg xmlns=\"https:\/\/www.w3.org\/2000\/svg\" viewbox=\"0 0 320 512\"><path d=\"M320 144C320 223.5 255.5 288 176 288C96.47 288 32 223.5 32 144C32 64.47 96.47 0 176 0C255.5 0 320 64.47 320 144zM192 64C192 55.16 184.8 48 176 48C122.1 48 80 90.98 80 144C80 152.8 87.16 160 96 160C104.8 160 112 152.8 112 144C112 108.7 140.7 80 176 80C184.8 80 192 72.84 192 64zM144 480V317.1C154.4 319 165.1 319.1 176 319.1C186.9 319.1 197.6 319 208 317.1V480C208 497.7 193.7 512 176 512C158.3 512 144 497.7 144 480z\"><\/path><\/svg><\/span><span class=\"uagb-icon-list__label\">Arranjos sob demanda<br>Instrumentos reais e digitais de alta qualidade<br>Pronto para o streaming<\/span><\/div>\n<\/div><\/div>\n\n\n\n<div class=\"wp-block-uagb-buttons uagb-buttons__outer-wrap uagb-btn__default-btn uagb-btn-tablet__default-btn uagb-btn-mobile__default-btn uagb-block-d4d7624f\"><div class=\"uagb-buttons__wrap uagb-buttons-layout-wrap\">\n<div class=\"wp-block-uagb-buttons-child uagb-buttons__outer-wrap uagb-block-513bca7b wp-block-button is-style-outline\"><div class=\"uagb-button__wrapper\"><a class=\"uagb-buttons-repeater wp-block-button__link\" aria-label=\"\" href=\"\/pt\/contact\/\" rel=\"follow noopener\" target=\"_self\" role=\"button\"><div class=\"uagb-button__link\">Entre em Contato<\/div><\/a><\/div><\/div>\n<\/div><\/div>\n<\/div>\n\n\n\n<div class=\"wp-block-uagb-container uagb-block-120df89f\">\n<div class=\"wp-block-uagb-info-box uagb-block-b0363100 uagb-infobox__content-wrap  uagb-infobox-icon-above-title uagb-infobox-image-valign-top\"><div class=\"uagb-ifb-content\"><div class=\"uagb-ifb-title-wrap\"><h6 class=\"uagb-ifb-title-prefix\">Voc\u00ea Escreve, N\u00f3s Desaparecemos<\/h6><h3 class=\"uagb-ifb-title\">Produ\u00e7\u00e3o Fantasma<\/h3><\/div><\/div><\/div>\n\n\n\n<div class=\"wp-block-uagb-icon-list uagb-block-79fca69e\"><div class=\"uagb-icon-list__wrap\">\n<div class=\"wp-block-uagb-icon-list-child uagb-block-9fda68d8\"><span class=\"uagb-icon-list__source-wrap\"><svg xmlns=\"https:\/\/www.w3.org\/2000\/svg\" viewbox=\"0 0 320 512\"><path d=\"M320 144C320 223.5 255.5 288 176 288C96.47 288 32 223.5 32 144C32 64.47 96.47 0 176 0C255.5 0 320 64.47 320 144zM192 64C192 55.16 184.8 48 176 48C122.1 48 80 90.98 80 144C80 152.8 87.16 160 96 160C104.8 160 112 152.8 112 144C112 108.7 140.7 80 176 80C184.8 80 192 72.84 192 64zM144 480V317.1C154.4 319 165.1 319.1 176 319.1C186.9 319.1 197.6 319 208 317.1V480C208 497.7 193.7 512 176 512C158.3 512 144 497.7 144 480z\"><\/path><\/svg><\/span><span class=\"uagb-icon-list__label\">100% confidencial<br>Sob medida para o seu estilo<br>Pronto para lan\u00e7amento<\/span><\/div>\n<\/div><\/div>\n\n\n\n<div class=\"wp-block-uagb-buttons uagb-buttons__outer-wrap uagb-btn__default-btn uagb-btn-tablet__default-btn uagb-btn-mobile__default-btn uagb-block-843df2ca\"><div class=\"uagb-buttons__wrap uagb-buttons-layout-wrap\">\n<div class=\"wp-block-uagb-buttons-child uagb-buttons__outer-wrap uagb-block-644fba7b wp-block-button is-style-outline\"><div class=\"uagb-button__wrapper\"><a class=\"uagb-buttons-repeater wp-block-button__link\" aria-label=\"\" href=\"\/pt\/contact\/\" rel=\"follow noopener\" target=\"_self\" role=\"button\"><div class=\"uagb-button__link\">Entre em Contato<\/div><\/a><\/div><\/div>\n<\/div><\/div>\n<\/div>\n<\/div>\n\n\n\n<div class=\"wp-block-uagb-container uagb-block-ae6ea97f\">\n<div class=\"wp-block-uagb-container uagb-block-b25e646c\">\n<div class=\"wp-block-uagb-info-box uagb-block-0d82fd84 uagb-infobox__content-wrap  uagb-infobox-icon-above-title uagb-infobox-image-valign-top\"><div class=\"uagb-ifb-content\"><div class=\"uagb-ifb-title-wrap\"><h6 class=\"uagb-ifb-title-prefix\">Soe como um Pro<\/h6><h3 class=\"uagb-ifb-title\">Mixagem e Masteriza\u00e7\u00e3o<\/h3><\/div><\/div><\/div>\n\n\n\n<div class=\"wp-block-uagb-icon-list uagb-block-0688edc8\"><div class=\"uagb-icon-list__wrap\">\n<div class=\"wp-block-uagb-icon-list-child uagb-block-10f48912\"><span class=\"uagb-icon-list__source-wrap\"><svg xmlns=\"https:\/\/www.w3.org\/2000\/svg\" viewbox=\"0 0 320 512\"><path d=\"M320 144C320 223.5 255.5 288 176 288C96.47 288 32 223.5 32 144C32 64.47 96.47 0 176 0C255.5 0 320 64.47 320 144zM192 64C192 55.16 184.8 48 176 48C122.1 48 80 90.98 80 144C80 152.8 87.16 160 96 160C104.8 160 112 152.8 112 144C112 108.7 140.7 80 176 80C184.8 80 192 72.84 192 64zM144 480V317.1C154.4 319 165.1 319.1 176 319.1C186.9 319.1 197.6 319 208 317.1V480C208 497.7 193.7 512 176 512C158.3 512 144 497.7 144 480z\"><\/path><\/svg><\/span><span class=\"uagb-icon-list__label\">Balanceada e polida<br>Otimizada para o streaming<br>Stereo width &amp; loudness control<\/span><\/div>\n<\/div><\/div>\n\n\n\n<div class=\"wp-block-uagb-buttons uagb-buttons__outer-wrap uagb-btn__default-btn uagb-btn-tablet__default-btn uagb-btn-mobile__default-btn uagb-block-3582fa5d\"><div class=\"uagb-buttons__wrap uagb-buttons-layout-wrap\">\n<div class=\"wp-block-uagb-buttons-child uagb-buttons__outer-wrap uagb-block-e9e6d2fc wp-block-button is-style-outline\"><div class=\"uagb-button__wrapper\"><a class=\"uagb-buttons-repeater wp-block-button__link\" aria-label=\"\" href=\"\/pt\/contact\/\" rel=\"follow noopener\" target=\"_self\" role=\"button\"><div class=\"uagb-button__link\">Entre em Contato<\/div><\/a><\/div><\/div>\n<\/div><\/div>\n<\/div>\n\n\n\n<div class=\"wp-block-uagb-container uagb-block-20f435b4\">\n<div class=\"wp-block-uagb-info-box uagb-block-bc17b83b uagb-infobox__content-wrap  uagb-infobox-icon-above-title uagb-infobox-image-valign-top\"><div class=\"uagb-ifb-content\"><div class=\"uagb-ifb-title-wrap\"><h6 class=\"uagb-ifb-title-prefix\">Dando Vida a sua Ideia<\/h6><h3 class=\"uagb-ifb-title\">Original Soundtrack e Sound Design<\/h3><\/div><\/div><\/div>\n\n\n\n<div class=\"wp-block-uagb-icon-list uagb-block-0dbec074\"><div class=\"uagb-icon-list__wrap\">\n<div class=\"wp-block-uagb-icon-list-child uagb-block-5b9f56d6\"><span class=\"uagb-icon-list__source-wrap\"><svg xmlns=\"https:\/\/www.w3.org\/2000\/svg\" viewbox=\"0 0 320 512\"><path d=\"M320 144C320 223.5 255.5 288 176 288C96.47 288 32 223.5 32 144C32 64.47 96.47 0 176 0C255.5 0 320 64.47 320 144zM192 64C192 55.16 184.8 48 176 48C122.1 48 80 90.98 80 144C80 152.8 87.16 160 96 160C104.8 160 112 152.8 112 144C112 108.7 140.7 80 176 80C184.8 80 192 72.84 192 64zM144 480V317.1C154.4 319 165.1 319.1 176 319.1C186.9 319.1 197.6 319 208 317.1V480C208 497.7 193.7 512 176 512C158.3 512 144 497.7 144 480z\"><\/path><\/svg><\/span><span class=\"uagb-icon-list__label\">Identidade cinem\u00e1tica \u00fanica<br>Scene-by-scene sound design<br>Emocional e imersivo<\/span><\/div>\n<\/div><\/div>\n\n\n\n<div class=\"wp-block-uagb-buttons uagb-buttons__outer-wrap uagb-btn__default-btn uagb-btn-tablet__default-btn uagb-btn-mobile__default-btn uagb-block-4d06909f\"><div class=\"uagb-buttons__wrap uagb-buttons-layout-wrap\">\n<div class=\"wp-block-uagb-buttons-child uagb-buttons__outer-wrap uagb-block-12e56078 wp-block-button is-style-outline\"><div class=\"uagb-button__wrapper\"><a class=\"uagb-buttons-repeater wp-block-button__link\" aria-label=\"\" href=\"\/pt\/contact\/\" rel=\"follow noopener\" target=\"_self\" role=\"button\"><div class=\"uagb-button__link\">Entre em Contato<\/div><\/a><\/div><\/div>\n<\/div><\/div>\n<\/div>\n<\/div>\n\n\n\n<div class=\"wp-block-uagb-container uagb-block-5be4b33f\">\n<div class=\"wp-block-uagb-container uagb-block-7de9572d\">\n<div class=\"wp-block-uagb-info-box uagb-block-a95f4536 uagb-infobox__content-wrap  uagb-infobox-icon-above-title uagb-infobox-image-valign-top\"><div class=\"uagb-ifb-content\"><div class=\"uagb-ifb-title-wrap\"><h6 class=\"uagb-ifb-title-prefix\">Manuais de Campo e Livros Acad\u00eamicos<\/h6><h3 class=\"uagb-ifb-title\">Cursos e eBooks<\/h3><\/div><\/div><\/div>\n\n\n\n<div class=\"wp-block-uagb-icon-list uagb-block-621b2d97\"><div class=\"uagb-icon-list__wrap\">\n<div class=\"wp-block-uagb-icon-list-child uagb-block-64903986\"><span class=\"uagb-icon-list__source-wrap\"><svg xmlns=\"https:\/\/www.w3.org\/2000\/svg\" viewbox=\"0 0 320 512\"><path d=\"M320 144C320 223.5 255.5 288 176 288C96.47 288 32 223.5 32 144C32 64.47 96.47 0 176 0C255.5 0 320 64.47 320 144zM192 64C192 55.16 184.8 48 176 48C122.1 48 80 90.98 80 144C80 152.8 87.16 160 96 160C104.8 160 112 152.8 112 144C112 108.7 140.7 80 176 80C184.8 80 192 72.84 192 64zM144 480V317.1C154.4 319 165.1 319.1 176 319.1C186.9 319.1 197.6 319 208 317.1V480C208 497.7 193.7 512 176 512C158.3 512 144 497.7 144 480z\"><\/path><\/svg><\/span><span class=\"uagb-icon-list__label\">Pr\u00e1ticos e atualizados<br>Iniciante ao avan\u00e7ado<br>Acesso vital\u00edcio<\/span><\/div>\n<\/div><\/div>\n\n\n\n<div class=\"wp-block-uagb-buttons uagb-buttons__outer-wrap uagb-btn__default-btn uagb-btn-tablet__default-btn uagb-btn-mobile__default-btn uagb-block-656e591a\"><div class=\"uagb-buttons__wrap uagb-buttons-layout-wrap\">\n<div class=\"wp-block-uagb-buttons-child uagb-buttons__outer-wrap uagb-block-07d21e0f wp-block-button is-style-outline\"><div class=\"uagb-button__wrapper\"><a class=\"uagb-buttons-repeater wp-block-button__link\" aria-label=\"\" href=\"\/pt\/contact\/\" rel=\"follow noopener\" target=\"_self\" role=\"button\"><div class=\"uagb-button__link\">Entre em Contato<\/div><\/a><\/div><\/div>\n<\/div><\/div>\n<\/div>\n\n\n\n<div class=\"wp-block-uagb-container uagb-block-86915038\">\n<div class=\"wp-block-uagb-info-box uagb-block-8905a243 uagb-infobox__content-wrap  uagb-infobox-icon-above-title uagb-infobox-image-valign-top\"><div class=\"uagb-ifb-content\"><div class=\"uagb-ifb-title-wrap\"><h6 class=\"uagb-ifb-title-prefix\">Para suas Necessidades<\/h6><h3 class=\"uagb-ifb-title\">Mentorias e Aulas<\/h3><\/div><\/div><\/div>\n\n\n\n<div class=\"wp-block-uagb-icon-list uagb-block-ce67a824\"><div class=\"uagb-icon-list__wrap\">\n<div class=\"wp-block-uagb-icon-list-child uagb-block-3eb48252\"><span class=\"uagb-icon-list__source-wrap\"><svg xmlns=\"https:\/\/www.w3.org\/2000\/svg\" viewbox=\"0 0 320 512\"><path d=\"M320 144C320 223.5 255.5 288 176 288C96.47 288 32 223.5 32 144C32 64.47 96.47 0 176 0C255.5 0 320 64.47 320 144zM192 64C192 55.16 184.8 48 176 48C122.1 48 80 90.98 80 144C80 152.8 87.16 160 96 160C104.8 160 112 152.8 112 144C112 108.7 140.7 80 176 80C184.8 80 192 72.84 192 64zM144 480V317.1C154.4 319 165.1 319.1 176 319.1C186.9 319.1 197.6 319 208 317.1V480C208 497.7 193.7 512 176 512C158.3 512 144 497.7 144 480z\"><\/path><\/svg><\/span><span class=\"uagb-icon-list__label\">Mentorias personalizadas<br>Feedback em tempo real<br>Aulas orientadas \u00e0 objetivos<\/span><\/div>\n<\/div><\/div>\n\n\n\n<div class=\"wp-block-uagb-buttons uagb-buttons__outer-wrap uagb-btn__default-btn uagb-btn-tablet__default-btn uagb-btn-mobile__default-btn uagb-block-b478781d\"><div class=\"uagb-buttons__wrap uagb-buttons-layout-wrap\">\n<div class=\"wp-block-uagb-buttons-child uagb-buttons__outer-wrap uagb-block-71062195 wp-block-button is-style-outline\"><div class=\"uagb-button__wrapper\"><a class=\"uagb-buttons-repeater wp-block-button__link\" aria-label=\"\" href=\"\/pt\/contact\/\" rel=\"follow noopener\" target=\"_self\" role=\"button\"><div class=\"uagb-button__link\">Entre em Contato<\/div><\/a><\/div><\/div>\n<\/div><\/div>\n<\/div>\n<\/div>\n<\/div><\/div>","protected":false},"excerpt":{"rendered":"<p>Servi\u00e7os<\/p>","protected":false},"author":1,"featured_media":0,"parent":0,"menu_order":0,"comment_status":"closed","ping_status":"closed","template":"","meta":{"_surecart_dashboard_logo_width":"180px","_surecart_dashboard_show_logo":true,"_surecart_dashboard_navigation_orders":true,"_surecart_dashboard_navigation_invoices":true,"_surecart_dashboard_navigation_subscriptions":true,"_surecart_dashboard_navigation_downloads":true,"_surecart_dashboard_navigation_billing":true,"_surecart_dashboard_navigation_account":true,"_uag_custom_page_level_css":"","_monsterinsights_skip_tracking":false,"_monsterinsights_sitenote_active":false,"_monsterinsights_sitenote_note":"","_monsterinsights_sitenote_category":0,"_uf_show_specific_survey":0,"_uf_disable_surveys":false,"site-sidebar-layout":"no-sidebar","site-content-layout":"plain-container","ast-site-content-layout":"full-width-container","site-content-style":"unboxed","site-sidebar-style":"unboxed","ast-global-header-display":"","ast-banner-title-visibility":"","ast-main-header-display":"","ast-hfb-above-header-display":"","ast-hfb-below-header-display":"","ast-hfb-mobile-header-display":"","site-post-title":"disabled","ast-breadcrumbs-content":"","ast-featured-img":"","footer-sml-layout":"","ast-disable-related-posts":"","theme-transparent-header-meta":"enabled","adv-header-id-meta":"","stick-header-meta":"","header-above-stick-meta":"","header-main-stick-meta":"","header-below-stick-meta":"","astra-migrate-meta-layouts":"set","ast-page-background-enabled":"default","ast-page-background-meta":{"desktop":{"background-color":"","background-image":"","background-repeat":"repeat","background-position":"center center","background-size":"auto","background-attachment":"scroll","background-type":"","background-media":"","overlay-type":"","overlay-color":"","overlay-opacity":"","overlay-gradient":""},"tablet":{"background-color":"","background-image":"","background-repeat":"repeat","background-position":"center center","background-size":"auto","background-attachment":"scroll","background-type":"","background-media":"","overlay-type":"","overlay-color":"","overlay-opacity":"","overlay-gradient":""},"mobile":{"background-color":"","background-image":"","background-repeat":"repeat","background-position":"center center","background-size":"auto","background-attachment":"scroll","background-type":"","background-media":"","overlay-type":"","overlay-color":"","overlay-opacity":"","overlay-gradient":""}},"ast-content-background-meta":{"desktop":{"background-color":"var(--ast-global-color-5)","background-image":"","background-repeat":"repeat","background-position":"center center","background-size":"auto","background-attachment":"scroll","background-type":"","background-media":"","overlay-type":"","overlay-color":"","overlay-opacity":"","overlay-gradient":""},"tablet":{"background-color":"var(--ast-global-color-5)","background-image":"","background-repeat":"repeat","background-position":"center center","background-size":"auto","background-attachment":"scroll","background-type":"","background-media":"","overlay-type":"","overlay-color":"","overlay-opacity":"","overlay-gradient":""},"mobile":{"background-color":"var(--ast-global-color-5)","background-image":"","background-repeat":"repeat","background-position":"center center","background-size":"auto","background-attachment":"scroll","background-type":"","background-media":"","overlay-type":"","overlay-color":"","overlay-opacity":"","overlay-gradient":""}},"footnotes":""},"class_list":["post-934","page","type-page","status-publish","hentry"],"aioseo_notices":[],"yoast_head":"<!-- This site is optimized with the Yoast SEO plugin v27.3 - https:\/\/yoast.com\/product\/yoast-seo-wordpress\/ -->\n<title>Services - cbaudio.pro<\/title>\n<meta name=\"robots\" content=\"index, follow, max-snippet:-1, max-image-preview:large, max-video-preview:-1\" \/>\n<link rel=\"canonical\" href=\"https:\/\/cbaudio.pro\/pt\/services\/\" \/>\n<meta property=\"og:locale\" content=\"pt_BR\" \/>\n<meta property=\"og:type\" content=\"article\" \/>\n<meta property=\"og:title\" content=\"Services - cbaudio.pro\" \/>\n<meta property=\"og:description\" content=\"Services\" \/>\n<meta property=\"og:url\" content=\"https:\/\/cbaudio.pro\/pt\/services\/\" \/>\n<meta property=\"og:site_name\" content=\"cbaudio.pro\" \/>\n<meta property=\"article:modified_time\" content=\"2025-06-24T23:22:33+00:00\" \/>\n<meta name=\"twitter:card\" content=\"summary_large_image\" \/>\n<meta name=\"twitter:label1\" content=\"Est. tempo de leitura\" \/>\n\t<meta name=\"twitter:data1\" content=\"1 minuto\" \/>\n<script type=\"application\/ld+json\" class=\"yoast-schema-graph\">{\"@context\":\"https:\\\/\\\/schema.org\",\"@graph\":[{\"@type\":\"WebPage\",\"@id\":\"https:\\\/\\\/cbaudio.pro\\\/services\\\/\",\"url\":\"https:\\\/\\\/cbaudio.pro\\\/services\\\/\",\"name\":\"Services - cbaudio.pro\",\"isPartOf\":{\"@id\":\"https:\\\/\\\/cbaudio.pro\\\/#website\"},\"datePublished\":\"2025-06-24T14:34:21+00:00\",\"dateModified\":\"2025-06-24T23:22:33+00:00\",\"breadcrumb\":{\"@id\":\"https:\\\/\\\/cbaudio.pro\\\/services\\\/#breadcrumb\"},\"inLanguage\":\"pt-BR\",\"potentialAction\":[{\"@type\":\"ReadAction\",\"target\":[\"https:\\\/\\\/cbaudio.pro\\\/services\\\/\"]}]},{\"@type\":\"BreadcrumbList\",\"@id\":\"https:\\\/\\\/cbaudio.pro\\\/services\\\/#breadcrumb\",\"itemListElement\":[{\"@type\":\"ListItem\",\"position\":1,\"name\":\"In\u00edcio\",\"item\":\"https:\\\/\\\/cbaudio.pro\\\/\"},{\"@type\":\"ListItem\",\"position\":2,\"name\":\"Services\"}]},{\"@type\":\"WebSite\",\"@id\":\"https:\\\/\\\/cbaudio.pro\\\/#website\",\"url\":\"https:\\\/\\\/cbaudio.pro\\\/\",\"name\":\"cbaudio.pro\",\"description\":\"\",\"publisher\":{\"@id\":\"https:\\\/\\\/cbaudio.pro\\\/#organization\"},\"potentialAction\":[{\"@type\":\"SearchAction\",\"target\":{\"@type\":\"EntryPoint\",\"urlTemplate\":\"https:\\\/\\\/cbaudio.pro\\\/?s={search_term_string}\"},\"query-input\":{\"@type\":\"PropertyValueSpecification\",\"valueRequired\":true,\"valueName\":\"search_term_string\"}}],\"inLanguage\":\"pt-BR\"},{\"@type\":\"Organization\",\"@id\":\"https:\\\/\\\/cbaudio.pro\\\/#organization\",\"name\":\"cbaudio.pro\",\"url\":\"https:\\\/\\\/cbaudio.pro\\\/\",\"logo\":{\"@type\":\"ImageObject\",\"inLanguage\":\"pt-BR\",\"@id\":\"https:\\\/\\\/cbaudio.pro\\\/#\\\/schema\\\/logo\\\/image\\\/\",\"url\":\"https:\\\/\\\/cbaudio.pro\\\/wp-content\\\/uploads\\\/2025\\\/07\\\/cropped-CB-Audio-Modern-Pink-NOBKG-1.png\",\"contentUrl\":\"https:\\\/\\\/cbaudio.pro\\\/wp-content\\\/uploads\\\/2025\\\/07\\\/cropped-CB-Audio-Modern-Pink-NOBKG-1.png\",\"width\":498,\"height\":437,\"caption\":\"cbaudio.pro\"},\"image\":{\"@id\":\"https:\\\/\\\/cbaudio.pro\\\/#\\\/schema\\\/logo\\\/image\\\/\"}}]}<\/script>\n<!-- \/ Yoast SEO plugin. -->","yoast_head_json":{"title":"Services - cbaudio.pro","robots":{"index":"index","follow":"follow","max-snippet":"max-snippet:-1","max-image-preview":"max-image-preview:large","max-video-preview":"max-video-preview:-1"},"canonical":"https:\/\/cbaudio.pro\/pt\/services\/","og_locale":"pt_BR","og_type":"article","og_title":"Services - cbaudio.pro","og_description":"Services","og_url":"https:\/\/cbaudio.pro\/pt\/services\/","og_site_name":"cbaudio.pro","article_modified_time":"2025-06-24T23:22:33+00:00","twitter_card":"summary_large_image","twitter_misc":{"Est. tempo de leitura":"1 minuto"},"schema":{"@context":"https:\/\/schema.org","@graph":[{"@type":"WebPage","@id":"https:\/\/cbaudio.pro\/services\/","url":"https:\/\/cbaudio.pro\/services\/","name":"Services - cbaudio.pro","isPartOf":{"@id":"https:\/\/cbaudio.pro\/#website"},"datePublished":"2025-06-24T14:34:21+00:00","dateModified":"2025-06-24T23:22:33+00:00","breadcrumb":{"@id":"https:\/\/cbaudio.pro\/services\/#breadcrumb"},"inLanguage":"pt-BR","potentialAction":[{"@type":"ReadAction","target":["https:\/\/cbaudio.pro\/services\/"]}]},{"@type":"BreadcrumbList","@id":"https:\/\/cbaudio.pro\/services\/#breadcrumb","itemListElement":[{"@type":"ListItem","position":1,"name":"In\u00edcio","item":"https:\/\/cbaudio.pro\/"},{"@type":"ListItem","position":2,"name":"Services"}]},{"@type":"WebSite","@id":"https:\/\/cbaudio.pro\/#website","url":"https:\/\/cbaudio.pro\/","name":"cbaudio.pro","description":"","publisher":{"@id":"https:\/\/cbaudio.pro\/#organization"},"potentialAction":[{"@type":"SearchAction","target":{"@type":"EntryPoint","urlTemplate":"https:\/\/cbaudio.pro\/?s={search_term_string}"},"query-input":{"@type":"PropertyValueSpecification","valueRequired":true,"valueName":"search_term_string"}}],"inLanguage":"pt-BR"},{"@type":"Organization","@id":"https:\/\/cbaudio.pro\/#organization","name":"cbaudio.pro","url":"https:\/\/cbaudio.pro\/","logo":{"@type":"ImageObject","inLanguage":"pt-BR","@id":"https:\/\/cbaudio.pro\/#\/schema\/logo\/image\/","url":"https:\/\/cbaudio.pro\/wp-content\/uploads\/2025\/07\/cropped-CB-Audio-Modern-Pink-NOBKG-1.png","contentUrl":"https:\/\/cbaudio.pro\/wp-content\/uploads\/2025\/07\/cropped-CB-Audio-Modern-Pink-NOBKG-1.png","width":498,"height":437,"caption":"cbaudio.pro"},"image":{"@id":"https:\/\/cbaudio.pro\/#\/schema\/logo\/image\/"}}]}},"_hostinger_reach_plugin_has_subscription_block":false,"_hostinger_reach_plugin_is_elementor":false,"uagb_featured_image_src":{"full":false,"thumbnail":false,"medium":false,"medium_large":false,"large":false,"1536x1536":false,"2048x2048":false,"trp-custom-language-flag":false,"woocommerce_thumbnail":false,"woocommerce_single":false,"woocommerce_gallery_thumbnail":false},"uagb_author_info":{"display_name":"Caio Barbosa","author_link":"https:\/\/cbaudio.pro\/pt\/author\/cb-audiohotmail-com\/"},"uagb_comment_info":0,"uagb_excerpt":"Services","jetpack_sharing_enabled":true,"_links":{"self":[{"href":"https:\/\/cbaudio.pro\/pt\/wp-json\/wp\/v2\/pages\/934","targetHints":{"allow":["GET"]}}],"collection":[{"href":"https:\/\/cbaudio.pro\/pt\/wp-json\/wp\/v2\/pages"}],"about":[{"href":"https:\/\/cbaudio.pro\/pt\/wp-json\/wp\/v2\/types\/page"}],"author":[{"embeddable":true,"href":"https:\/\/cbaudio.pro\/pt\/wp-json\/wp\/v2\/users\/1"}],"replies":[{"embeddable":true,"href":"https:\/\/cbaudio.pro\/pt\/wp-json\/wp\/v2\/comments?post=934"}],"version-history":[{"count":10,"href":"https:\/\/cbaudio.pro\/pt\/wp-json\/wp\/v2\/pages\/934\/revisions"}],"predecessor-version":[{"id":1028,"href":"https:\/\/cbaudio.pro\/pt\/wp-json\/wp\/v2\/pages\/934\/revisions\/1028"}],"wp:attachment":[{"href":"https:\/\/cbaudio.pro\/pt\/wp-json\/wp\/v2\/media?parent=934"}],"curies":[{"name":"wp","href":"https:\/\/api.w.org\/{rel}","templated":true}]}}